{"id":721,"date":"2019-08-23T06:54:47","date_gmt":"2019-08-23T06:54:47","guid":{"rendered":"https:\/\/the7.io\/hotel\/?page_id=721"},"modified":"2025-04-21T22:21:17","modified_gmt":"2025-04-21T22:21:17","slug":"home-2","status":"publish","type":"page","link":"https:\/\/coppaflores.com\/","title":{"rendered":"Coppa"},"content":{"rendered":"<div class=\"wpb-content-wrapper\"><p>[vc_row full_width=&#8221;stretch_row&#8221; content_placement=&#8221;middle&#8221; enable_overlay=&#8221;enable_overlay_value&#8221; overlay_color=&#8221;rgba(0,0,0,0.5)&#8221; css=&#8221;.vc_custom_1617716666075{margin-bottom: 80px !important;padding-top: 140px !important;padding-bottom: 50px !important;}&#8221;][vc_column width=&#8221;5\/6&#8243; offset=&#8221;vc_col-lg-offset-1 vc_col-lg-10 vc_col-md-offset-1 vc_col-md-10 vc_col-sm-offset-1&#8243;]<div id=\"ultimate-heading-732469f8892660550\" class=\"uvc-heading ult-adjust-bottom-margin ultimate-heading-732469f8892660550 uvc-5485 \" data-hspacer=\"no_spacer\"  data-halign=\"center\" style=\"text-align:center\"><div class=\"uvc-heading-spacer no_spacer\" style=\"top\"><\/div><div class=\"uvc-main-heading ult-responsive\"  data-ultimate-target='.uvc-heading.ultimate-heading-732469f8892660550 h1'  data-responsive-json-new='{\"font-size\":\"\",\"line-height\":\"\"}' ><h1 style=\"font-weight:normal;color:#000000;margin-bottom:50px;\">Eleg\u00e2ncia e sofistica\u00e7\u00e3o de m\u00e3os dadas<\/h1><\/div><\/div>[vc_column_text css=&#8221;.vc_custom_1617707910140{margin-bottom: 30px !important;}&#8221;]<\/p>\n<p style=\"text-align: center;\">A Coppa Flores Eventos \u00e9 uma marca premium dedicada \u00e0 organiza\u00e7\u00e3o, produ\u00e7\u00e3o e decora\u00e7\u00e3o de eventos. S\u00f3nia Sendim, a fundadora, que conta j\u00e1 com uma larga experi\u00eancia e know-how nesta \u00e1rea, acompanhada por uma equipa multidisciplinar em constante forma\u00e7\u00e3o, actualiza\u00e7\u00e3o e pesquisa de ideias, a promessa \u00e9 a de solu\u00e7\u00f5es inovadoras e personalizadas que transformam sonhos em festas inesquec\u00edveis!<\/p>\n<p>[\/vc_column_text][\/vc_column][\/vc_row][vc_row full_width=&#8221;stretch_row_content_no_spaces&#8221; parallax_content=&#8221;parallax_content_value&#8221; css=&#8221;.vc_custom_1738940139040{padding-top: 300px !important;padding-bottom: 300px !important;background-image: url(https:\/\/coppaflores.com\/wp-content\/uploads\/2025\/02\/FOTO1_HOME.jpg?id=2322) !important;background-position: center !important;background-repeat: no-repeat !important;background-size: cover !important;}&#8221;][vc_column][\/vc_column][\/vc_row][vc_row full_width=&#8221;stretch_row&#8221; content_placement=&#8221;middle&#8221; enable_overlay=&#8221;enable_overlay_value&#8221; overlay_color=&#8221;rgba(0,0,0,0.5)&#8221; css=&#8221;.vc_custom_1617094968215{padding-top: 90px !important;padding-bottom: 150px !important;background-position: center !important;background-repeat: no-repeat !important;background-size: cover !important;}&#8221; el_id=&#8221;servicos&#8221;][vc_column width=&#8221;5\/6&#8243; offset=&#8221;vc_col-lg-offset-1 vc_col-lg-10 vc_col-md-offset-1 vc_col-md-10 vc_col-sm-offset-1&#8243;]<div id=\"ultimate-heading-750969f88926605bc\" class=\"uvc-heading ult-adjust-bottom-margin ultimate-heading-750969f88926605bc uvc-3147 \" data-hspacer=\"no_spacer\"  data-halign=\"center\" style=\"text-align:center\"><div class=\"uvc-heading-spacer no_spacer\" style=\"top\"><\/div><div class=\"uvc-main-heading ult-responsive\"  data-ultimate-target='.uvc-heading.ultimate-heading-750969f88926605bc h1'  data-responsive-json-new='{\"font-size\":\"\",\"line-height\":\"\"}' ><h1 style=\"font-weight:normal;color:#000000;margin-bottom:20px;\">Criamos eventos \u00e0 sua medida<\/h1><\/div><\/div>[vc_row_inner css=&#8221;.vc_custom_1616094989768{margin-top: 60px !important;}&#8221;][vc_column_inner width=&#8221;1\/2&#8243;][vc_column_text]<\/p>\n<ul>\n<li>Design Floral<\/li>\n<li>Organiza\u00e7\u00e3o e produ\u00e7\u00e3o de eventos<\/li>\n<li>Planning, design and styling<\/li>\n<li>Decora\u00e7\u00e3o de casamentos<\/li>\n<li>Batizados e anivers\u00e1iros<\/li>\n<li>Consultoria do evento<\/li>\n<li>Protocolo<\/li>\n<\/ul>\n<p>[\/vc_column_text][\/vc_column_inner][vc_column_inner width=&#8221;1\/2&#8243;][vc_column_text]<\/p>\n<ul>\n<li>Bouquets de noiva<\/li>\n<li>Anima\u00e7\u00e3o e ilumina\u00e7\u00e3o<\/li>\n<li>Aluger de mobiliario<\/li>\n<li>Eventos empresariais e particulares<\/li>\n<li>Hospedeiras<\/li>\n<li>Catering<\/li>\n<li>Tendas<\/li>\n<\/ul>\n<p>[\/vc_column_text][\/vc_column_inner][\/vc_row_inner][\/vc_column][\/vc_row]<\/p>\n<\/div>","protected":false},"excerpt":{"rendered":"<p>[vc_row full_width=&#8221;stretch_row&#8221; content_placement=&#8221;middle&#8221; enable_overlay=&#8221;enable_overlay_value&#8221; overlay_color=&#8221;rgba(0,0,0,0.5)&#8221; css=&#8221;.vc_custom_1617716666075{margin-bottom: 80px !important;padding-top: 140px !important;padding-bottom: 50px !important;}&#8221;][vc_column width=&#8221;5\/6&#8243; offset=&#8221;vc_col-lg-offset-1 vc_col-lg-10 vc_col-md-offset-1 vc_col-md-10 vc_col-sm-offset-1&#8243;][vc_column_text css=&#8221;.vc_custom_1617707910140{margin-bottom: 30px !important;}&#8221;] A Coppa Flores Eventos \u00e9 uma marca premium dedicada \u00e0 organiza\u00e7\u00e3o, produ\u00e7\u00e3o e decora\u00e7\u00e3o de eventos. S\u00f3nia Sendim, a fundadora, que conta j\u00e1 com uma larga experi\u00eancia e know-how nesta \u00e1rea, acompanhada por uma&hellip;<\/p>\n","protected":false},"author":1,"featured_media":0,"parent":0,"menu_order":0,"comment_status":"closed","ping_status":"closed","template":"","meta":{"om_disable_all_campaigns":false,"_monsterinsights_skip_tracking":false,"_monsterinsights_sitenote_active":false,"_monsterinsights_sitenote_note":"","_monsterinsights_sitenote_category":0,"footnotes":""},"class_list":["post-721","page","type-page","status-publish","hentry","description-off"],"aioseo_notices":[],"_links":{"self":[{"href":"https:\/\/coppaflores.com\/index.php?rest_route=\/wp\/v2\/pages\/721","targetHints":{"allow":["GET"]}}],"collection":[{"href":"https:\/\/coppaflores.com\/index.php?rest_route=\/wp\/v2\/pages"}],"about":[{"href":"https:\/\/coppaflores.com\/index.php?rest_route=\/wp\/v2\/types\/page"}],"author":[{"embeddable":true,"href":"https:\/\/coppaflores.com\/index.php?rest_route=\/wp\/v2\/users\/1"}],"replies":[{"embeddable":true,"href":"https:\/\/coppaflores.com\/index.php?rest_route=%2Fwp%2Fv2%2Fcomments&post=721"}],"version-history":[{"count":65,"href":"https:\/\/coppaflores.com\/index.php?rest_route=\/wp\/v2\/pages\/721\/revisions"}],"predecessor-version":[{"id":2333,"href":"https:\/\/coppaflores.com\/index.php?rest_route=\/wp\/v2\/pages\/721\/revisions\/2333"}],"wp:attachment":[{"href":"https:\/\/coppaflores.com\/index.php?rest_route=%2Fwp%2Fv2%2Fmedia&parent=721"}],"curies":[{"name":"wp","href":"https:\/\/api.w.org\/{rel}","templated":true}]}}