{"id":1769,"date":"2021-03-22T15:42:19","date_gmt":"2021-03-22T15:42:19","guid":{"rendered":"http:\/\/coppa.brainhouse.pt\/?page_id=1769"},"modified":"2025-02-07T15:09:35","modified_gmt":"2025-02-07T15:09:35","slug":"sobre-nos","status":"publish","type":"page","link":"https:\/\/coppaflores.com\/?page_id=1769","title":{"rendered":"Sobre n\u00f3s"},"content":{"rendered":"<div class=\"wpb-content-wrapper\"><p>[vc_row full_width=&#8221;stretch_row&#8221; content_placement=&#8221;middle&#8221; enable_overlay=&#8221;enable_overlay_value&#8221; overlay_color=&#8221;rgba(0,0,0,0.5)&#8221; css=&#8221;.vc_custom_1617707096073{margin-bottom: 140px !important;padding-bottom: 0px !important;background-position: center !important;background-repeat: no-repeat !important;background-size: cover !important;}&#8221; el_class=&#8221;padding-top&#8221;][vc_column width=&#8221;5\/6&#8243; offset=&#8221;vc_col-lg-offset-1 vc_col-lg-10 vc_col-md-offset-1 vc_col-md-10 vc_col-sm-offset-1&#8243;]<div id=\"ultimate-heading-693569f89cd2201d9\" class=\"uvc-heading ult-adjust-bottom-margin ultimate-heading-693569f89cd2201d9 uvc-9950 extra-large\" data-hspacer=\"no_spacer\"  data-halign=\"center\" style=\"text-align:center\"><div class=\"uvc-heading-spacer no_spacer\" style=\"top\"><\/div><div class=\"uvc-main-heading ult-responsive\"  data-ultimate-target='.uvc-heading.ultimate-heading-693569f89cd2201d9 h1'  data-responsive-json-new='{\"font-size\":\"\",\"line-height\":\"\"}' ><h1 style=\"font-weight:normal;margin-bottom:50px;\">Assinale momentos especiais e partilhe sentimentos connosco.<\/h1><\/div><\/div>[vc_column_text]<\/p>\n<p style=\"text-align: center;\">S\u00f3nia Sendim a floral designer \u00e9 o rosto da COPPA, adora decorar espa\u00e7os e criar ambientes, com experi\u00eancia na \u00e1rea desde 2003 tanto a n\u00edvel particular como empresarial.<br \/>\nSomos apaixonadas pelo que fazemos!<br \/>\nPara n\u00f3s, cada detalhe at\u00e9 ao mais \u00ednfimo detalhe \u00e9 como se fosse uma p\u00e9tala das delicadas flores que comp\u00f5e os nossos arranjos. Porque cada uma delas \u00e9 protagonista num palco onde queremos que tudo saia o mais pr\u00f3ximo poss\u00edvel da perfei\u00e7\u00e3o, proporcionando ao cliente a despreocupa\u00e7\u00e3o, tranquilidade e alegria necess\u00e1ria a uma comemora\u00e7\u00e3o para mais tarde recordar.<br \/>\n<em>\u201cO nosso desafio \u00e9 realizar sonhos.\u201c<\/em><\/p>\n<p>[\/vc_column_text][\/vc_column][\/vc_row]<\/p>\n<\/div>","protected":false},"excerpt":{"rendered":"<p>[vc_row full_width=&#8221;stretch_row&#8221; content_placement=&#8221;middle&#8221; enable_overlay=&#8221;enable_overlay_value&#8221; overlay_color=&#8221;rgba(0,0,0,0.5)&#8221; css=&#8221;.vc_custom_1617707096073{margin-bottom: 140px !important;padding-bottom: 0px !important;background-position: center !important;background-repeat: no-repeat !important;background-size: cover !important;}&#8221; el_class=&#8221;padding-top&#8221;][vc_column width=&#8221;5\/6&#8243; offset=&#8221;vc_col-lg-offset-1 vc_col-lg-10 vc_col-md-offset-1 vc_col-md-10 vc_col-sm-offset-1&#8243;][vc_column_text] S\u00f3nia Sendim a floral designer \u00e9 o rosto da COPPA, adora decorar espa\u00e7os e criar ambientes, com experi\u00eancia na \u00e1rea desde 2003 tanto a n\u00edvel particular como empresarial. Somos apaixonadas pelo que&hellip;<\/p>\n","protected":false},"author":1,"featured_media":0,"parent":0,"menu_order":0,"comment_status":"closed","ping_status":"closed","template":"","meta":{"om_disable_all_campaigns":false,"_monsterinsights_skip_tracking":false,"_monsterinsights_sitenote_active":false,"_monsterinsights_sitenote_note":"","_monsterinsights_sitenote_category":0,"footnotes":""},"class_list":["post-1769","page","type-page","status-publish","hentry","description-off"],"aioseo_notices":[],"_links":{"self":[{"href":"https:\/\/coppaflores.com\/index.php?rest_route=\/wp\/v2\/pages\/1769","targetHints":{"allow":["GET"]}}],"collection":[{"href":"https:\/\/coppaflores.com\/index.php?rest_route=\/wp\/v2\/pages"}],"about":[{"href":"https:\/\/coppaflores.com\/index.php?rest_route=\/wp\/v2\/types\/page"}],"author":[{"embeddable":true,"href":"https:\/\/coppaflores.com\/index.php?rest_route=\/wp\/v2\/users\/1"}],"replies":[{"embeddable":true,"href":"https:\/\/coppaflores.com\/index.php?rest_route=%2Fwp%2Fv2%2Fcomments&post=1769"}],"version-history":[{"count":15,"href":"https:\/\/coppaflores.com\/index.php?rest_route=\/wp\/v2\/pages\/1769\/revisions"}],"predecessor-version":[{"id":2155,"href":"https:\/\/coppaflores.com\/index.php?rest_route=\/wp\/v2\/pages\/1769\/revisions\/2155"}],"wp:attachment":[{"href":"https:\/\/coppaflores.com\/index.php?rest_route=%2Fwp%2Fv2%2Fmedia&parent=1769"}],"curies":[{"name":"wp","href":"https:\/\/api.w.org\/{rel}","templated":true}]}}