{"id":1756,"date":"2021-03-22T14:21:40","date_gmt":"2021-03-22T14:21:40","guid":{"rendered":"http:\/\/coppa.brainhouse.pt\/?page_id=1756"},"modified":"2025-02-07T23:51:14","modified_gmt":"2025-02-07T23:51:14","slug":"eventos","status":"publish","type":"page","link":"https:\/\/coppaflores.com\/?page_id=1756","title":{"rendered":"Eventos"},"content":{"rendered":"<div class=\"wpb-content-wrapper\"><p>[vc_row full_width=&#8221;stretch_row&#8221; content_placement=&#8221;middle&#8221; enable_overlay=&#8221;enable_overlay_value&#8221; overlay_color=&#8221;rgba(0,0,0,0.5)&#8221; css=&#8221;.vc_custom_1616423113415{padding-top: 90px !important;padding-bottom: 50px !important;}&#8221;][vc_column width=&#8221;5\/6&#8243; offset=&#8221;vc_col-lg-offset-1 vc_col-lg-10 vc_col-md-offset-1 vc_col-md-10 vc_col-sm-offset-1&#8243;]<div id=\"ultimate-heading-927569f89bf12f2e4\" class=\"uvc-heading ult-adjust-bottom-margin ultimate-heading-927569f89bf12f2e4 uvc-4497 extra-large\" data-hspacer=\"no_spacer\"  data-halign=\"center\" style=\"text-align:center\"><div class=\"uvc-heading-spacer no_spacer\" style=\"top\"><\/div><div class=\"uvc-main-heading ult-responsive\"  data-ultimate-target='.uvc-heading.ultimate-heading-927569f89bf12f2e4 h1'  data-responsive-json-new='{\"font-size\":\"\",\"line-height\":\"\"}' ><h1 style=\"font-weight:normal;margin-bottom:50px;\">Uma marca de luxo dedicada \u00e0 cria\u00e7\u00e3o de eventos<\/h1><\/div><\/div>[vc_column_text css=&#8221;.vc_custom_1616422785333{margin-bottom: 30px !important;}&#8221;]<\/p>\n<p style=\"text-align: center;\">Criamos eventos \u00e0 sua medida, quer sejam trabalhos no \u00e2mbito empresarial ou algo a n\u00edvel pessoal, temos uma estrat\u00e9gia bem delineada com todas as ferramentas necess\u00e1rias, que passam tamb\u00e9m pelos parceiros e fornecedores que nos acompanham nesta caminhada, para que o resultado final se traduza num bonito acontecimento, completamente \u00fanico e especial.<\/p>\n<p>[\/vc_column_text][\/vc_column][\/vc_row][vc_row full_width=&#8221;stretch_row_content_no_spaces&#8221; equal_height=&#8221;yes&#8221; content_placement=&#8221;middle&#8221; el_class=&#8221;eventos&#8221;][vc_column width=&#8221;1\/2&#8243;][vc_single_image image=&#8221;2367&#8243; img_size=&#8221;full&#8221; css=&#8221;&#8221;][\/vc_column][vc_column width=&#8221;1\/2&#8243; css=&#8221;.vc_custom_1738946398857{padding-right: 70px !important;padding-left: 70px !important;background-color: rgba(93,46,51,0.24) !important;*background-color: rgb(93,46,51) !important;}&#8221;]<div id=\"ultimate-heading-965369f89bf12f352\" class=\"uvc-heading ult-adjust-bottom-margin ultimate-heading-965369f89bf12f352 uvc-9850 \" data-hspacer=\"no_spacer\"  data-halign=\"left\" style=\"text-align:left\"><div class=\"uvc-heading-spacer no_spacer\" style=\"top\"><\/div><div class=\"uvc-main-heading ult-responsive\"  data-ultimate-target='.uvc-heading.ultimate-heading-965369f89bf12f352 h1'  data-responsive-json-new='{\"font-size\":\"\",\"line-height\":\"\"}' ><h1 style=\"font-weight:normal;\">Eventos<\/h1><\/div><\/div>[vc_column_text]A n\u00edvel particular tratamos de festas de anivers\u00e1rio, casamentos, baptizados, decora\u00e7\u00f5es para datas especiais, festas tem\u00e1ticas, entre outros eventos, disponibilizando igualmente servi\u00e7os completos com a curadoria de todos os<br \/>\npormenores.[\/vc_column_text]<style type=\"text\/css\" data-type=\"the7_shortcodes-inline-css\">#default-btn-33d648b8ca161a79edc1f9699ef71a02.ico-right-side > i {\n  margin-right: 0px;\n  margin-left: 8px;\n}\n#default-btn-33d648b8ca161a79edc1f9699ef71a02 > i {\n  margin-right: 8px;\n}<\/style><a href=\"#\" class=\"default-btn-shortcode dt-btn dt-btn-s link-hover-off botao-orcamento btn-inline-left \" id=\"default-btn-33d648b8ca161a79edc1f9699ef71a02\"><span>Or\u00e7amento<\/span><\/a>[\/vc_column][\/vc_row][vc_row full_width=&#8221;stretch_row_content_no_spaces&#8221; equal_height=&#8221;yes&#8221; content_placement=&#8221;middle&#8221; el_class=&#8221;eventos hide-mobile&#8221;][vc_column width=&#8221;1\/2&#8243; css=&#8221;.vc_custom_1738942966578{padding-right: 70px !important;padding-left: 70px !important;}&#8221;]<div id=\"ultimate-heading-18569f89bf12f4f7\" class=\"uvc-heading ult-adjust-bottom-margin ultimate-heading-18569f89bf12f4f7 uvc-1082 \" data-hspacer=\"no_spacer\"  data-halign=\"left\" style=\"text-align:left\"><div class=\"uvc-heading-spacer no_spacer\" style=\"top\"><\/div><div class=\"uvc-main-heading ult-responsive\"  data-ultimate-target='.uvc-heading.ultimate-heading-18569f89bf12f4f7 h1'  data-responsive-json-new='{\"font-size\":\"\",\"line-height\":\"\"}' ><h1 style=\"font-weight:normal;\">Casamentos<\/h1><\/div><\/div>[vc_column_text]Um evento nunca \u00e9 igual a outro: cada projecto \u00e9 \u00fanico e desenhado \u00e0 imagem e semelhan\u00e7a do cliente, cabendo \u00e0 equipa de produ\u00e7\u00e3o o desenvolvimento integral desde a decora\u00e7\u00e3o \u00e0 escolha do catering e entretenimento.[\/vc_column_text]<style type=\"text\/css\" data-type=\"the7_shortcodes-inline-css\">#default-btn-33d648b8ca161a79edc1f9699ef71a02.ico-right-side > i {\n  margin-right: 0px;\n  margin-left: 8px;\n}\n#default-btn-33d648b8ca161a79edc1f9699ef71a02 > i {\n  margin-right: 8px;\n}<\/style><a href=\"#\" class=\"default-btn-shortcode dt-btn dt-btn-s link-hover-off botao-orcamento btn-inline-left \" id=\"default-btn-33d648b8ca161a79edc1f9699ef71a02\"><span>Or\u00e7amento<\/span><\/a>[\/vc_column][vc_column width=&#8221;1\/2&#8243;][vc_single_image image=&#8221;2369&#8243; img_size=&#8221;full&#8221; css=&#8221;&#8221;][\/vc_column][\/vc_row][vc_row full_width=&#8221;stretch_row_content_no_spaces&#8221; equal_height=&#8221;yes&#8221; content_placement=&#8221;middle&#8221; el_class=&#8221;eventos hide-desktop&#8221;][vc_column width=&#8221;1\/2&#8243;][vc_single_image image=&#8221;2369&#8243; img_size=&#8221;full&#8221; css=&#8221;&#8221;][\/vc_column][vc_column width=&#8221;1\/2&#8243; css=&#8221;.vc_custom_1738943001250{padding-right: 70px !important;padding-left: 70px !important;}&#8221;]<div id=\"ultimate-heading-983669f89bf12f5f0\" class=\"uvc-heading ult-adjust-bottom-margin ultimate-heading-983669f89bf12f5f0 uvc-3134 \" data-hspacer=\"no_spacer\"  data-halign=\"left\" style=\"text-align:left\"><div class=\"uvc-heading-spacer no_spacer\" style=\"top\"><\/div><div class=\"uvc-main-heading ult-responsive\"  data-ultimate-target='.uvc-heading.ultimate-heading-983669f89bf12f5f0 h1'  data-responsive-json-new='{\"font-size\":\"\",\"line-height\":\"\"}' ><h1 style=\"font-weight:normal;\">Casamentos<\/h1><\/div><\/div>[vc_column_text]Um evento nunca \u00e9 igual a outro: cada projecto \u00e9 \u00fanico e desenhado \u00e0 imagem e semelhan\u00e7a do cliente, cabendo \u00e0 equipa de produ\u00e7\u00e3o o desenvolvimento integral desde a decora\u00e7\u00e3o \u00e0 escolha do catering e entretenimento.[\/vc_column_text]<style type=\"text\/css\" data-type=\"the7_shortcodes-inline-css\">#default-btn-33d648b8ca161a79edc1f9699ef71a02.ico-right-side > i {\n  margin-right: 0px;\n  margin-left: 8px;\n}\n#default-btn-33d648b8ca161a79edc1f9699ef71a02 > i {\n  margin-right: 8px;\n}<\/style><a href=\"#\" class=\"default-btn-shortcode dt-btn dt-btn-s link-hover-off botao-orcamento btn-inline-left \" id=\"default-btn-33d648b8ca161a79edc1f9699ef71a02\"><span>Or\u00e7amento<\/span><\/a>[\/vc_column][\/vc_row][vc_row full_width=&#8221;stretch_row_content_no_spaces&#8221; equal_height=&#8221;yes&#8221; content_placement=&#8221;middle&#8221; el_class=&#8221;eventos&#8221;][vc_column width=&#8221;1\/2&#8243;][vc_single_image image=&#8221;2374&#8243; img_size=&#8221;full&#8221; css=&#8221;&#8221;][\/vc_column][vc_column width=&#8221;1\/2&#8243; css=&#8221;.vc_custom_1738946423205{padding-right: 70px !important;padding-left: 70px !important;background-color: rgba(93,46,51,0.24) !important;*background-color: rgb(93,46,51) !important;}&#8221;]<div id=\"ultimate-heading-778169f89bf12f6de\" class=\"uvc-heading ult-adjust-bottom-margin ultimate-heading-778169f89bf12f6de uvc-1957 \" data-hspacer=\"no_spacer\"  data-halign=\"left\" style=\"text-align:left\"><div class=\"uvc-heading-spacer no_spacer\" style=\"top\"><\/div><div class=\"uvc-main-heading ult-responsive\"  data-ultimate-target='.uvc-heading.ultimate-heading-778169f89bf12f6de h1'  data-responsive-json-new='{\"font-size\":\"\",\"line-height\":\"\"}' ><h1 style=\"font-weight:normal;\">Corporativo<\/h1><\/div><\/div>[vc_column_text]Oferecemos a empresas, hot\u00e9is, restaurantes , servi\u00e7o de cria\u00e7\u00e3o e manuten\u00e7\u00e3o de arranjos florais em suportes exclusivos da marca e tamb\u00e9m um servi\u00e7o de assinatura floral em resid\u00eancias personalizado. Adaptados aos ambientes, \u00e9pocas do ano e \u00e0s \u00faltimas tend\u00eancias, os espa\u00e7os dos clientes institucionais da Coppa est\u00e3o sempre vivos e em constante muta\u00e7\u00e3o.[\/vc_column_text]<style type=\"text\/css\" data-type=\"the7_shortcodes-inline-css\">#default-btn-33d648b8ca161a79edc1f9699ef71a02.ico-right-side > i {\n  margin-right: 0px;\n  margin-left: 8px;\n}\n#default-btn-33d648b8ca161a79edc1f9699ef71a02 > i {\n  margin-right: 8px;\n}<\/style><a href=\"#\" class=\"default-btn-shortcode dt-btn dt-btn-s link-hover-off botao-orcamento btn-inline-left \" id=\"default-btn-33d648b8ca161a79edc1f9699ef71a02\"><span>Or\u00e7amento<\/span><\/a>[\/vc_column][\/vc_row][vc_row full_width=&#8221;stretch_row_content_no_spaces&#8221; equal_height=&#8221;yes&#8221; content_placement=&#8221;middle&#8221; el_class=&#8221;eventos hide-mobile&#8221;][vc_column width=&#8221;1\/2&#8243; css=&#8221;.vc_custom_1738942698766{padding-right: 50px !important;padding-left: 50px !important;}&#8221;]<div id=\"ultimate-heading-973369f89bf12f7c0\" class=\"uvc-heading ult-adjust-bottom-margin ultimate-heading-973369f89bf12f7c0 uvc-9598 \" data-hspacer=\"no_spacer\"  data-halign=\"left\" style=\"text-align:left\"><div class=\"uvc-heading-spacer no_spacer\" style=\"top\"><\/div><div class=\"uvc-main-heading ult-responsive\"  data-ultimate-target='.uvc-heading.ultimate-heading-973369f89bf12f7c0 h1'  data-responsive-json-new='{\"font-size\":\"\",\"line-height\":\"\"}' ><h1 style=\"font-weight:normal;\">Decora\u00e7\u00f5es de Natal<\/h1><\/div><\/div>[vc_column_text]Temos o servic\u0327o de decorac\u0327o\u0303es de natal, tanto a n\u00edvel particular como empresarial, criamos arranjos florais em suportes exclusivos da marca um servic\u0327o de assinatura floral em reside\u0302ncias personalizado e tambe\u0301m um servic\u0327o empresarial adaptados aos va\u0301rios ambientes.[\/vc_column_text]<style type=\"text\/css\" data-type=\"the7_shortcodes-inline-css\">#default-btn-33d648b8ca161a79edc1f9699ef71a02.ico-right-side > i {\n  margin-right: 0px;\n  margin-left: 8px;\n}\n#default-btn-33d648b8ca161a79edc1f9699ef71a02 > i {\n  margin-right: 8px;\n}<\/style><a href=\"#\" class=\"default-btn-shortcode dt-btn dt-btn-s link-hover-off botao-orcamento btn-inline-left \" id=\"default-btn-33d648b8ca161a79edc1f9699ef71a02\"><span>Or\u00e7amento<\/span><\/a>[\/vc_column][vc_column width=&#8221;1\/2&#8243;][vc_single_image image=&#8221;2375&#8243; img_size=&#8221;full&#8221; css=&#8221;&#8221;][\/vc_column][\/vc_row][vc_row full_width=&#8221;stretch_row_content_no_spaces&#8221; equal_height=&#8221;yes&#8221; content_placement=&#8221;middle&#8221; el_class=&#8221;eventos hide-desktop&#8221;][vc_column width=&#8221;1\/2&#8243; css=&#8221;.vc_custom_1738942647127{padding-right: 25px !important;}&#8221;][vc_single_image image=&#8221;2375&#8243; img_size=&#8221;full&#8221; css=&#8221;&#8221;][\/vc_column][vc_column width=&#8221;1\/2&#8243; css=&#8221;.vc_custom_1738942658444{padding-right: 50px !important;padding-left: 50px !important;}&#8221;]<div id=\"ultimate-heading-151669f89bf12f896\" class=\"uvc-heading ult-adjust-bottom-margin ultimate-heading-151669f89bf12f896 uvc-4964 \" data-hspacer=\"no_spacer\"  data-halign=\"left\" style=\"text-align:left\"><div class=\"uvc-heading-spacer no_spacer\" style=\"top\"><\/div><div class=\"uvc-main-heading ult-responsive\"  data-ultimate-target='.uvc-heading.ultimate-heading-151669f89bf12f896 h1'  data-responsive-json-new='{\"font-size\":\"\",\"line-height\":\"\"}' ><h1 style=\"font-weight:normal;\">Decora\u00e7\u00f5es de Natal<\/h1><\/div><\/div>[vc_column_text]Temos o servic\u0327o de decorac\u0327o\u0303es de natal, tanto a n\u00edvel particular como empresarial, criamos arranjos florais em suportes exclusivos da marca um servic\u0327o de assinatura floral em reside\u0302ncias personalizado e tambe\u0301m um servic\u0327o empresarial adaptados aos va\u0301rios ambientes.[\/vc_column_text]<style type=\"text\/css\" data-type=\"the7_shortcodes-inline-css\">#default-btn-33d648b8ca161a79edc1f9699ef71a02.ico-right-side > i {\n  margin-right: 0px;\n  margin-left: 8px;\n}\n#default-btn-33d648b8ca161a79edc1f9699ef71a02 > i {\n  margin-right: 8px;\n}<\/style><a href=\"#\" class=\"default-btn-shortcode dt-btn dt-btn-s link-hover-off botao-orcamento btn-inline-left \" id=\"default-btn-33d648b8ca161a79edc1f9699ef71a02\"><span>Or\u00e7amento<\/span><\/a>[\/vc_column][\/vc_row]<\/p>\n<\/div>","protected":false},"excerpt":{"rendered":"<p>[vc_row full_width=&#8221;stretch_row&#8221; content_placement=&#8221;middle&#8221; enable_overlay=&#8221;enable_overlay_value&#8221; overlay_color=&#8221;rgba(0,0,0,0.5)&#8221; css=&#8221;.vc_custom_1616423113415{padding-top: 90px !important;padding-bottom: 50px !important;}&#8221;][vc_column width=&#8221;5\/6&#8243; offset=&#8221;vc_col-lg-offset-1 vc_col-lg-10 vc_col-md-offset-1 vc_col-md-10 vc_col-sm-offset-1&#8243;][vc_column_text css=&#8221;.vc_custom_1616422785333{margin-bottom: 30px !important;}&#8221;] Criamos eventos \u00e0 sua medida, quer sejam trabalhos no \u00e2mbito empresarial ou algo a n\u00edvel pessoal, temos uma estrat\u00e9gia bem delineada com todas as ferramentas necess\u00e1rias, que passam tamb\u00e9m pelos parceiros e fornecedores que nos acompanham&hellip;<\/p>\n","protected":false},"author":1,"featured_media":0,"parent":0,"menu_order":0,"comment_status":"closed","ping_status":"closed","template":"","meta":{"om_disable_all_campaigns":false,"_monsterinsights_skip_tracking":false,"_monsterinsights_sitenote_active":false,"_monsterinsights_sitenote_note":"","_monsterinsights_sitenote_category":0,"footnotes":""},"class_list":["post-1756","page","type-page","status-publish","hentry","description-off"],"aioseo_notices":[],"_links":{"self":[{"href":"https:\/\/coppaflores.com\/index.php?rest_route=\/wp\/v2\/pages\/1756","targetHints":{"allow":["GET"]}}],"collection":[{"href":"https:\/\/coppaflores.com\/index.php?rest_route=\/wp\/v2\/pages"}],"about":[{"href":"https:\/\/coppaflores.com\/index.php?rest_route=\/wp\/v2\/types\/page"}],"author":[{"embeddable":true,"href":"https:\/\/coppaflores.com\/index.php?rest_route=\/wp\/v2\/users\/1"}],"replies":[{"embeddable":true,"href":"https:\/\/coppaflores.com\/index.php?rest_route=%2Fwp%2Fv2%2Fcomments&post=1756"}],"version-history":[{"count":51,"href":"https:\/\/coppaflores.com\/index.php?rest_route=\/wp\/v2\/pages\/1756\/revisions"}],"predecessor-version":[{"id":2376,"href":"https:\/\/coppaflores.com\/index.php?rest_route=\/wp\/v2\/pages\/1756\/revisions\/2376"}],"wp:attachment":[{"href":"https:\/\/coppaflores.com\/index.php?rest_route=%2Fwp%2Fv2%2Fmedia&parent=1756"}],"curies":[{"name":"wp","href":"https:\/\/api.w.org\/{rel}","templated":true}]}}